{"id":3331,"date":"2017-09-01T00:27:57","date_gmt":"2017-09-01T04:27:57","guid":{"rendered":"http:\/\/osteopathiepourvous.com\/?page_id=3331"},"modified":"2024-03-07T11:57:55","modified_gmt":"2024-03-07T16:57:55","slug":"foire-aux-questions","status":"publish","type":"page","link":"https:\/\/osteomag.ca\/fr\/foire-aux-questions\/","title":{"rendered":"Foire aux Questions (FAQ)"},"content":{"rendered":"\n<div class=\"wp-block-gutena-accordion gutena-accordion-block gutena-accordion-block-d9ca8f-b1\" data-single=\"true\">\n<div class=\"wp-block-gutena-accordion-panel gutena-accordion-block__panel\">\n<div class=\"wp-block-gutena-accordion-panel-title gutena-accordion-block__panel-title\"><div class=\"gutena-accordion-block__panel-title-inner\">\n<h6 class=\"wp-block-heading has-text-align-left\" id=\"h-qu-est-ce-que-l-osteopathie\" style=\"margin-top:0px;margin-right:0px;margin-bottom:0px;margin-left:0px\"><strong>Qu\u2019est-ce que l\u2019ost\u00e9opathie ?<\/strong><\/h6>\n<div class=\"trigger-up-down\"><div class=\"horizontal\"><\/div><div class=\"vertical\"><\/div><\/div><\/div><\/div>\n\n\n\n<div class=\"wp-block-gutena-accordion-panel-content gutena-accordion-block__panel-content\"><div class=\"gutena-accordion-block__panel-content-inner\">\n<p>L\u2019ost\u00e9opathie est une forme de soins manuels qui reconna\u00eet le lien important entre la structure du corps et son fonctionnement et vice-versa. Les ost\u00e9opathes se concentrent sur la fa\u00e7on dont le squelette, les articulations, les muscles, les nerfs, la circulation, le tissu conjonctif et les organes internes fonctionnent comme une unit\u00e9 corporelle enti\u00e8re. Cette vue permet aux ost\u00e9opathes de proposer un traitement holistique. Les ost\u00e9opathes utilisent des techniques sur le corps qui nous permettent de traiter tous les types de probl\u00e8mes musculo-squelettiques, y compris les blessures sportives, \u00e0 tous les \u00e2ges, des enfants aux adultes et aux personnes \u00e2g\u00e9es.<\/p>\n<\/div><\/div>\n<\/div>\n\n\n\n<div class=\"wp-block-gutena-accordion-panel gutena-accordion-block__panel\">\n<div class=\"wp-block-gutena-accordion-panel-title gutena-accordion-block__panel-title\"><div class=\"gutena-accordion-block__panel-title-inner\">\n<h6 class=\"wp-block-heading has-text-align-left\" id=\"h-que-voient-couramment-les-osteopathes\" style=\"margin-top:0px;margin-right:0px;margin-bottom:0px;margin-left:0px\"><strong>Que voient couramment les ost\u00e9opathes ?<\/strong><\/h6>\n<div class=\"trigger-up-down\"><div class=\"horizontal\"><\/div><div class=\"vertical\"><\/div><\/div><\/div><\/div>\n\n\n\n<div class=\"wp-block-gutena-accordion-panel-content gutena-accordion-block__panel-content\"><div class=\"gutena-accordion-block__panel-content-inner\">\n<p style=\"margin-top:0;margin-bottom:0\">Mal au dos<br>Migraines et maux de t\u00eate<br>La douleur du cou<br>Probl\u00e8mes de m\u00e2choire<br>Mal d\u2019\u00e9paule<br>Les blessures sportives<br>Probl\u00e8mes posturaux<br>Microtraumatismes r\u00e9p\u00e9t\u00e9s<br>Douleur \u00e0 la hanche<br>Douleur au genou<br>Douleur \u00e0 la cheville<br>Grossesse et soins postnatals<\/p>\n<\/div><\/div>\n<\/div>\n\n\n\n<div class=\"wp-block-gutena-accordion-panel gutena-accordion-block__panel\">\n<div class=\"wp-block-gutena-accordion-panel-title gutena-accordion-block__panel-title\"><div class=\"gutena-accordion-block__panel-title-inner\">\n<h6 class=\"wp-block-heading has-text-align-left\" id=\"h-quel-type-de-traitement-les-osteopathes-proposent-ils\" style=\"margin-top:0px;margin-right:0px;margin-bottom:0px;margin-left:0px\"><strong>Quel type de traitement les ost\u00e9opathes proposent-ils ?<\/strong><\/h6>\n<div class=\"trigger-up-down\"><div class=\"horizontal\"><\/div><div class=\"vertical\"><\/div><\/div><\/div><\/div>\n\n\n\n<div class=\"wp-block-gutena-accordion-panel-content gutena-accordion-block__panel-content\"><div class=\"gutena-accordion-block__panel-content-inner\">\n<p style=\"margin-top:0;margin-bottom:0\">Les ost\u00e9opathes sont form\u00e9s pour identifier les conditions qui affectent le squelette, les muscles, les articulations, les ligaments, les tendons, les fascias, les nerfs, la circulation et les organes internes. Les techniques sont :<br>Massage des tissus mous<br>Mobilisation articulaire<br>Techniques d\u2019\u00e9tirement \u00e9nerg\u00e9tique musculaire (MET)<br>Strain-counterstrain<br>Rel\u00e2che myofasciale (TPT)<br>\u00c9quilibrer les techniques de tension ligamentaire<br>Visc\u00e9rale<br>Cr\u00e2nienne<\/p>\n<\/div><\/div>\n<\/div>\n\n\n\n<div class=\"wp-block-gutena-accordion-panel gutena-accordion-block__panel\">\n<div class=\"wp-block-gutena-accordion-panel-title gutena-accordion-block__panel-title\"><div class=\"gutena-accordion-block__panel-title-inner\">\n<h6 class=\"wp-block-heading has-text-align-left\" id=\"h-quelle-est-la-difference-entre-l-osteopathie-la-chiropratique-et-la-physiotherapie\" style=\"margin-top:0px;margin-right:0px;margin-bottom:0px;margin-left:0px\"><strong>Quelle est la diff\u00e9rence entre l\u2019ost\u00e9opathie, la chiropratique et la physioth\u00e9rapie ?<\/strong><\/h6>\n<div class=\"trigger-up-down\"><div class=\"horizontal\"><\/div><div class=\"vertical\"><\/div><\/div><\/div><\/div>\n\n\n\n<div class=\"wp-block-gutena-accordion-panel-content gutena-accordion-block__panel-content\"><div class=\"gutena-accordion-block__panel-content-inner\">\n<p style=\"margin-top:0;margin-bottom:0\">Ost\u00e9opathes, Chiropraticiens et Physioth\u00e9rapeutes se distinguent par leurs diff\u00e9rents principes et m\u00e9thodes de traitement. L\u2019ost\u00e9opathie utilise une gamme de techniques pour traiter \u00e0 la fois les muscles et les articulations du corps afin de soutenir le m\u00e9canisme d\u2019autogu\u00e9rison du corps. L\u2019objectif de l\u2019ost\u00e9opathie est de s\u2019attaquer \u00e0 la cause sous-jacente du probl\u00e8me pr\u00e9sent\u00e9, non seulement pour fournir un soulagement symptomatique, mais aussi des r\u00e9sultats positifs durables.<\/p>\n<\/div><\/div>\n<\/div>\n\n\n\n<div class=\"wp-block-gutena-accordion-panel gutena-accordion-block__panel\">\n<div class=\"wp-block-gutena-accordion-panel-title gutena-accordion-block__panel-title\"><div class=\"gutena-accordion-block__panel-title-inner\">\n<h6 class=\"wp-block-heading has-text-align-left\" id=\"h-que-dois-je-porter-durant-le-traitement\" style=\"margin-top:0px;margin-right:0px;margin-bottom:0px;margin-left:0px\"><strong>Que dois-je porter durant le traitement<\/strong><\/h6>\n<div class=\"trigger-up-down\"><div class=\"horizontal\"><\/div><div class=\"vertical\"><\/div><\/div><\/div><\/div>\n\n\n\n<div class=\"wp-block-gutena-accordion-panel-content gutena-accordion-block__panel-content\"><div class=\"gutena-accordion-block__panel-content-inner\">\n<p style=\"margin-top:0;margin-bottom:0\">Nous vous recommandons de porter des v\u00eatements confortables, amples et faciles \u00e0 d\u00e9placer.<\/p>\n<\/div><\/div>\n<\/div>\n\n\n\n<div class=\"wp-block-gutena-accordion-panel gutena-accordion-block__panel\">\n<div class=\"wp-block-gutena-accordion-panel-title gutena-accordion-block__panel-title\"><div class=\"gutena-accordion-block__panel-title-inner\">\n<h6 class=\"wp-block-heading has-text-align-left\" id=\"h-je-suis-enceinte-est-ce-que-l-osteopathie-peut-m-aider\" style=\"margin-top:0px;margin-right:0px;margin-bottom:0px;margin-left:0px\"><strong>Je suis enceinte, est-ce que l\u2019ost\u00e9opathie peut m\u2019aider ?<\/strong><\/h6>\n<div class=\"trigger-up-down\"><div class=\"horizontal\"><\/div><div class=\"vertical\"><\/div><\/div><\/div><\/div>\n\n\n\n<div class=\"wp-block-gutena-accordion-panel-content gutena-accordion-block__panel-content\"><div class=\"gutena-accordion-block__panel-content-inner\">\n<p>Le traitement ost\u00e9opathique est une th\u00e9rapie prouv\u00e9e, s\u00fbre et efficace pour les femmes enceintes. Les ost\u00e9opathes s\u00e9lectionneront les traitements les plus appropri\u00e9s pour aider le processus naturel de la grossesse et de l\u2019accouchement. L&#8217;emphase sera mise sur l\u2019adaptation aux changements posturaux, la pr\u00e9vention de blessure. <\/p>\n<\/div><\/div>\n<\/div>\n\n\n\n<div class=\"wp-block-gutena-accordion-panel gutena-accordion-block__panel\">\n<div class=\"wp-block-gutena-accordion-panel-title gutena-accordion-block__panel-title\"><div class=\"gutena-accordion-block__panel-title-inner\">\n<h6 class=\"wp-block-heading has-text-align-left\" id=\"h-chez-les-enfants-et-bebe-est-ce-que-l-osteopathie-peut-intervenir\" style=\"margin-top:0px;margin-right:0px;margin-bottom:0px;margin-left:0px\"><strong>Chez les enfants et b\u00e9b\u00e9, est-ce que l\u2019ost\u00e9opathie peut intervenir ?<\/strong><\/h6>\n<div class=\"trigger-up-down\"><div class=\"horizontal\"><\/div><div class=\"vertical\"><\/div><\/div><\/div><\/div>\n\n\n\n<div class=\"wp-block-gutena-accordion-panel-content gutena-accordion-block__panel-content\"><div class=\"gutena-accordion-block__panel-content-inner\">\n<p style=\"margin-top:0;margin-bottom:0\">L\u2019ost\u00e9opathie cr\u00e2nienne peut fournir un traitement s\u00fbr et doux pour les b\u00e9b\u00e9s ayant v\u00e9cu une naissance traumatisante, qui sont perturb\u00e9s ou qui ont du mal \u00e0 dormir. Il aide \u00e0 la gu\u00e9rison, \u00e0 la relaxation et \u00e0 la promotion du sommeil, de la digestion et de l\u2019alignement du corps gr\u00e2ce \u00e0 une douce mobilisation de la t\u00eate et du corps.<\/p>\n<\/div><\/div>\n<\/div>\n\n\n\n<div class=\"wp-block-gutena-accordion-panel gutena-accordion-block__panel\">\n<div class=\"wp-block-gutena-accordion-panel-title gutena-accordion-block__panel-title\"><div class=\"gutena-accordion-block__panel-title-inner\">\n<h6 class=\"wp-block-heading has-text-align-left\" id=\"h-combien-de-rendez-vous-aurai-je-besoin\" style=\"margin-top:0px;margin-right:0px;margin-bottom:0px;margin-left:0px\"><strong>Combien de rendez-vous aurai-je besoin ?<\/strong><\/h6>\n<div class=\"trigger-up-down\"><div class=\"horizontal\"><\/div><div class=\"vertical\"><\/div><\/div><\/div><\/div>\n\n\n\n<div class=\"wp-block-gutena-accordion-panel-content gutena-accordion-block__panel-content\"><div class=\"gutena-accordion-block__panel-content-inner\">\n<p style=\"margin-top:0;margin-bottom:0\">De nombreux ost\u00e9opathes seront en mesure de traiter avec succ\u00e8s une blessure r\u00e9cente ou aigu\u00eb en seulement une \u00e0 trois s\u00e9ances. Cependant, les probl\u00e8mes plus anciens ou la douleur chronique prendront probablement un peu plus de temps \u00e0 s\u2019am\u00e9liorer et pourraient voir un patient terminer jusqu\u2019\u00e0 six s\u00e9ances ou plus avant de b\u00e9n\u00e9ficier de tous les avantages du traitement.<\/p>\n<\/div><\/div>\n<\/div>\n\n\n\n<div class=\"wp-block-gutena-accordion-panel gutena-accordion-block__panel\">\n<div class=\"wp-block-gutena-accordion-panel-title gutena-accordion-block__panel-title\"><div class=\"gutena-accordion-block__panel-title-inner\">\n<h6 class=\"wp-block-heading has-text-align-left\" id=\"h-le-traitement-osteopathique-est-il-douloureux\" style=\"margin-top:0px;margin-right:0px;margin-bottom:0px;margin-left:0px\"><strong>Le traitement ost\u00e9opathique est-il douloureux ?<\/strong><\/h6>\n<div class=\"trigger-up-down\"><div class=\"horizontal\"><\/div><div class=\"vertical\"><\/div><\/div><\/div><\/div>\n\n\n\n<div class=\"wp-block-gutena-accordion-panel-content gutena-accordion-block__panel-content\"><div class=\"gutena-accordion-block__panel-content-inner\">\n<p style=\"margin-top:0;margin-bottom:0\">La plupart des traitements ost\u00e9opathiques sont des th\u00e9rapies manuelles et ne doivent pas causer d\u2019inconfort excessif. Si vos blessures n\u00e9cessitent un traitement manuel des zones douloureuses et tendres, votre ost\u00e9opathe s\u2019efforcera de vous rendre aussi confortable que possible. Certaines techniques peuvent provoquer une g\u00eane ou une douleur \u00e0 court terme. Vous pouvez ressentir une l\u00e9g\u00e8re douleur pendant un jour ou deux apr\u00e8s le traitement, similaire \u00e0 celle ressentie apr\u00e8s un exercice l\u00e9ger. Si cette douleur persiste ou augmente de mani\u00e8re significative, appelez votre ost\u00e9opathe pour discuter de vos pr\u00e9occupations<\/p>\n<\/div><\/div>\n<\/div>\n\n\n\n<div class=\"wp-block-gutena-accordion-panel gutena-accordion-block__panel\">\n<div class=\"wp-block-gutena-accordion-panel-title gutena-accordion-block__panel-title\"><div class=\"gutena-accordion-block__panel-title-inner\">\n<h6 class=\"wp-block-heading has-text-align-left\" id=\"h-que-se-passe-t-il-lors-de-ma-premiere-consultation\" style=\"margin-top:0px;margin-right:0px;margin-bottom:0px;margin-left:0px\"><strong>Que se passe-t-il lors de ma premi\u00e8re consultation ?<\/strong><\/h6>\n<div class=\"trigger-up-down\"><div class=\"horizontal\"><\/div><div class=\"vertical\"><\/div><\/div><\/div><\/div>\n\n\n\n<div class=\"wp-block-gutena-accordion-panel-content gutena-accordion-block__panel-content\"><div class=\"gutena-accordion-block__panel-content-inner\">\n<p style=\"margin-top:0;margin-bottom:0\">Votre ost\u00e9opathe vous posera des questions sur votre probl\u00e8me et vos sympt\u00f4mes. Cela inclura des ant\u00e9c\u00e9dents m\u00e9dicaux complets, tous les m\u00e9dicaments que vous prenez ou d\u2019autres facteurs qui peuvent ne pas sembler \u00eatre directement li\u00e9s \u00e0 votre probl\u00e8me.<br>Votre ost\u00e9opathe vous indiquera s\u2019il peut vous traiter ou si vous devez \u00eatre r\u00e9f\u00e9r\u00e9s.<br>Votre ost\u00e9opathe proc\u00e9dera \u00e0 un examen. Il s\u2019agit notamment de tests diagnostiques, orthop\u00e9diques ou neurologiques, d\u2019\u00e9valuations posturales et d\u2019activit\u00e9s ou d\u2019exercices, qui d\u00e9terminent la meilleure fa\u00e7on de g\u00e9rer votre condition.<br>L\u2019examen peut inclure des mouvements passifs et actifs. L\u2019ost\u00e9opathe peut soulever vos bras ou vos jambes et il peut vous \u00eatre demand\u00e9 de vous pencher ou de vous tenir debout en sous-v\u00eatements. Assurez-vous de porter des sous-v\u00eatements confortables, souples et appropri\u00e9s.<br>L\u2019ost\u00e9opathie adopte une approche globale du corps pour le traitement. Votre ost\u00e9opathe peut examiner la zone qui vous d\u00e9range ainsi que d\u2019autres parties de votre corps. Par exemple, si vous avez mal au genou, votre ost\u00e9opathe peut \u00e9galement examiner votre cheville, votre bassin et votre dos.<br>Votre ost\u00e9opathe peut aussi vous fournir une formation et des conseils pour vous aider \u00e0 g\u00e9rer votre \u00e9tat entre les traitements. Cela peut inclure de vous donner des exercices \u00e0 faire \u00e0 la maison ou au travail.<\/p>\n<\/div><\/div>\n<\/div>\n\n\n\n<div class=\"wp-block-gutena-accordion-panel gutena-accordion-block__panel\">\n<div class=\"wp-block-gutena-accordion-panel-title gutena-accordion-block__panel-title\"><div class=\"gutena-accordion-block__panel-title-inner\">\n<h6 class=\"wp-block-heading has-text-align-left\" id=\"h-\" style=\"margin-top:0px;margin-right:0px;margin-bottom:0px;margin-left:0px\"><\/h6>\n<div class=\"trigger-up-down\"><div class=\"horizontal\"><\/div><div class=\"vertical\"><\/div><\/div><\/div><\/div>\n\n\n\n<div class=\"wp-block-gutena-accordion-panel-content gutena-accordion-block__panel-content\"><div class=\"gutena-accordion-block__panel-content-inner\">\n<p style=\"margin-top:0;margin-bottom:0\">Les<\/p>\n<\/div><\/div>\n<\/div>\n<\/div>\n","protected":false},"excerpt":{"rendered":"","protected":false},"author":1,"featured_media":0,"parent":0,"menu_order":0,"comment_status":"closed","ping_status":"closed","template":"","meta":{"tdm_status":"","tdm_grid_status":"","iawp_total_views":0,"footnotes":""},"class_list":["post-3331","page","type-page","status-publish"],"_links":{"self":[{"href":"https:\/\/osteomag.ca\/fr\/wp-json\/wp\/v2\/pages\/3331","targetHints":{"allow":["GET"]}}],"collection":[{"href":"https:\/\/osteomag.ca\/fr\/wp-json\/wp\/v2\/pages"}],"about":[{"href":"https:\/\/osteomag.ca\/fr\/wp-json\/wp\/v2\/types\/page"}],"author":[{"embeddable":true,"href":"https:\/\/osteomag.ca\/fr\/wp-json\/wp\/v2\/users\/1"}],"replies":[{"embeddable":true,"href":"https:\/\/osteomag.ca\/fr\/wp-json\/wp\/v2\/comments?post=3331"}],"version-history":[{"count":0,"href":"https:\/\/osteomag.ca\/fr\/wp-json\/wp\/v2\/pages\/3331\/revisions"}],"wp:attachment":[{"href":"https:\/\/osteomag.ca\/fr\/wp-json\/wp\/v2\/media?parent=3331"}],"curies":[{"name":"wp","href":"https:\/\/api.w.org\/{rel}","templated":true}]}}