{"id":44725,"date":"2024-08-23T03:29:02","date_gmt":"2024-08-23T08:29:02","guid":{"rendered":"https:\/\/osteomag.ca\/politique-de-cookies-ue\/"},"modified":"2024-08-24T04:55:41","modified_gmt":"2024-08-24T09:55:41","slug":"politique-de-cookies-ue","status":"publish","type":"page","link":"https:\/\/osteomag.ca\/fr\/politique-de-cookies-ue\/","title":{"rendered":"Politique relative aux cookies pour Osteomag"},"content":{"rendered":"\n<p><strong>Derni\u00e8re mise \u00e0 jour : 24 Ao\u00fbt, 2024<\/strong><\/p>\n\n\n\n<p>Osteomag utilise des cookies pour am\u00e9liorer votre exp\u00e9rience en ligne. Cette politique explique ce que sont les cookies, comment ils sont utilis\u00e9s, et comment vous pouvez les g\u00e9rer.<\/p>\n\n\n\n<h3 class=\"wp-block-heading\"><span class=\"ez-toc-section\" id=\"1_Quest-ce_quun_cookie\"><\/span>1. <strong>Qu&rsquo;est-ce qu&rsquo;un cookie ?<\/strong><span class=\"ez-toc-section-end\"><\/span><\/h3>\n\n\n\n<p>Les cookies sont de petits fichiers texte plac\u00e9s sur votre appareil lorsque vous visitez un site web. Ils sont utilis\u00e9s pour se souvenir de vos pr\u00e9f\u00e9rences, am\u00e9liorer la performance du site, et vous offrir une exp\u00e9rience personnalis\u00e9e.<\/p>\n\n\n\n<h3 class=\"wp-block-heading\"><span class=\"ez-toc-section\" id=\"2_Cookies_utilises_sur_Osteomag\"><\/span>2. <strong>Cookies utilis\u00e9s sur Osteomag<\/strong><span class=\"ez-toc-section-end\"><\/span><\/h3>\n\n\n\n<p>Osteomag utilise les types de cookies suivants :<\/p>\n\n\n\n<ul class=\"wp-block-list\">\n<li><strong>Cookies essentiels :<\/strong> Ces cookies sont n\u00e9cessaires pour le bon fonctionnement du site. Ils permettent des fonctionnalit\u00e9s de base telles que la navigation sur les pages.<\/li>\n\n\n\n<li><strong>Cookies de performance :<\/strong> Ces cookies collectent des informations sur la mani\u00e8re dont les visiteurs utilisent le site, permettant d&rsquo;am\u00e9liorer la performance et l&rsquo;exp\u00e9rience utilisateur.<\/li>\n<\/ul>\n\n\n\n<h3 class=\"wp-block-heading\"><span class=\"ez-toc-section\" id=\"3_Details_des_cookies_utilises\"><\/span>3. <strong>D\u00e9tails des cookies utilis\u00e9s<\/strong><span class=\"ez-toc-section-end\"><\/span><\/h3>\n\n\n\n<ul class=\"wp-block-list\">\n<li><strong>_wsm_id_0_09af (Visitor Statistic)<\/strong> : Ce cookie permet d&rsquo;identifier de mani\u00e8re unique les visiteurs sur le site. Il aide \u00e0 suivre les interactions des utilisateurs au fil du temps, ce qui permet de mieux comprendre leur parcours et d&rsquo;am\u00e9liorer l&rsquo;exp\u00e9rience utilisateur.<\/li>\n\n\n\n<li><strong>_wsm_ses_0_09af (Visitor Statistic)<\/strong> : Ce cookie est utilis\u00e9 pour g\u00e9rer les sessions des utilisateurs. Il permet de suivre les activit\u00e9s d&rsquo;un visiteur pendant une session unique, c&rsquo;est-\u00e0-dire pendant la dur\u00e9e de sa visite sur le site.<\/li>\n\n\n\n<li><strong>cookieyes-consent (Essentiel)<\/strong> : Ce cookie enregistre les pr\u00e9f\u00e9rences de consentement en mati\u00e8re de cookies.<\/li>\n\n\n\n<li><strong>wpEmojiSettingsSupports (Essentiel)<\/strong> : Ce cookie permet le bon affichage des emojis sur le site.<\/li>\n<\/ul>\n\n\n\n<h3 class=\"wp-block-heading\"><span class=\"ez-toc-section\" id=\"4_Conformite_reglementaire\"><\/span>4. <strong>Conformit\u00e9 r\u00e9glementaire<\/strong><span class=\"ez-toc-section-end\"><\/span><\/h3>\n\n\n\n<p>Osteomag respecte les exigences du R\u00e8glement g\u00e9n\u00e9ral sur la protection des donn\u00e9es (RGPD) et de la Directive europ\u00e9enne sur la vie priv\u00e9e et les communications \u00e9lectroniques (ePR). Le consentement explicite pour l&rsquo;utilisation de cookies non essentiels est demand\u00e9, et il est possible de les accepter ou de les refuser.<\/p>\n\n\n\n<h3 class=\"wp-block-heading\"><span class=\"ez-toc-section\" id=\"5_Gestion_des_cookies\"><\/span>5. <strong>Gestion des cookies<\/strong><span class=\"ez-toc-section-end\"><\/span><\/h3>\n\n\n\n<p>Il est possible de contr\u00f4ler et de g\u00e9rer l&rsquo;utilisation des cookies \u00e0 tout moment :<\/p>\n\n\n\n<ul class=\"wp-block-list\">\n<li><strong>Param\u00e8tres du navigateur :<\/strong> Il est possible de configurer le navigateur pour refuser ou supprimer les cookies.<\/li>\n\n\n\n<li><strong>Outil de gestion des cookies :<\/strong> Un outil est fourni pour g\u00e9rer les pr\u00e9f\u00e9rences en mati\u00e8re de cookies. Cliquez [ici] pour ajuster vos pr\u00e9f\u00e9rences.<\/li>\n<\/ul>\n\n\n\n<h3 class=\"wp-block-heading\"><span class=\"ez-toc-section\" id=\"6_Confidentialite_et_anonymat\"><\/span>6. <strong>Confidentialit\u00e9 et anonymat<\/strong><span class=\"ez-toc-section-end\"><\/span><\/h3>\n\n\n\n<p>Les donn\u00e9es collect\u00e9es par les cookies _wsm_id_0_09af et _wsm_ses_0_09af restent anonymes et sont trait\u00e9es dans le respect des normes de confidentialit\u00e9 en vigueur. Ces cookies sont essentiels pour l&rsquo;analyse statistique des visites sur Osteomag, aidant ainsi \u00e0 offrir un contenu pertinent et \u00e0 am\u00e9liorer la navigation sur le site.<\/p>\n\n\n\n<h3 class=\"wp-block-heading\"><span class=\"ez-toc-section\" id=\"7_Mises_a_jour_de_cette_politique\"><\/span>7. <strong>Mises \u00e0 jour de cette politique<\/strong><span class=\"ez-toc-section-end\"><\/span><\/h3>\n\n\n\n<p>Osteomag peut mettre \u00e0 jour cette politique relative aux cookies pour refl\u00e9ter les modifications apport\u00e9es aux pratiques ou pour respecter les exigences l\u00e9gales. Toute mise \u00e0 jour sera indiqu\u00e9e par la date de \u00ab\u00a0Derni\u00e8re mise \u00e0 jour\u00a0\u00bb en haut de cette page. Il est recommand\u00e9 de consulter r\u00e9guli\u00e8rement cette page pour rester inform\u00e9(e) sur la mani\u00e8re dont les cookies sont utilis\u00e9s.<\/p>\n\n\n\n<h3 class=\"wp-block-heading\"><span class=\"ez-toc-section\" id=\"8_Contact\"><\/span>8. <strong>Contact<\/strong><span class=\"ez-toc-section-end\"><\/span><\/h3>\n\n\n\n<p>Pour toute question concernant cette politique ou l&rsquo;utilisation des cookies sur le site, veuillez contacter andrealepin@gmail.com.<\/p>\n","protected":false},"excerpt":{"rendered":"<p>Derni\u00e8re mise \u00e0 jour : 24 Ao\u00fbt, 2024 Osteomag utilise des cookies pour am\u00e9liorer votre exp\u00e9rience en ligne. Cette politique explique ce que sont les cookies, comment ils sont utilis\u00e9s, et comment vous pouvez les g\u00e9rer. 1. Qu&rsquo;est-ce qu&rsquo;un cookie ? Les cookies sont de petits fichiers texte plac\u00e9s sur votre appareil lorsque vous visitez [&hellip;]<\/p>\n","protected":false},"author":1,"featured_media":0,"parent":0,"menu_order":0,"comment_status":"closed","ping_status":"closed","template":"","meta":{"tdm_status":"","tdm_grid_status":"","iawp_total_views":0,"footnotes":""},"class_list":["post-44725","page","type-page","status-publish"],"_links":{"self":[{"href":"https:\/\/osteomag.ca\/fr\/wp-json\/wp\/v2\/pages\/44725","targetHints":{"allow":["GET"]}}],"collection":[{"href":"https:\/\/osteomag.ca\/fr\/wp-json\/wp\/v2\/pages"}],"about":[{"href":"https:\/\/osteomag.ca\/fr\/wp-json\/wp\/v2\/types\/page"}],"author":[{"embeddable":true,"href":"https:\/\/osteomag.ca\/fr\/wp-json\/wp\/v2\/users\/1"}],"replies":[{"embeddable":true,"href":"https:\/\/osteomag.ca\/fr\/wp-json\/wp\/v2\/comments?post=44725"}],"version-history":[{"count":0,"href":"https:\/\/osteomag.ca\/fr\/wp-json\/wp\/v2\/pages\/44725\/revisions"}],"wp:attachment":[{"href":"https:\/\/osteomag.ca\/fr\/wp-json\/wp\/v2\/media?parent=44725"}],"curies":[{"name":"wp","href":"https:\/\/api.w.org\/{rel}","templated":true}]}}